{"id":8374,"date":"2021-06-27T09:28:22","date_gmt":"2021-06-27T07:28:22","guid":{"rendered":"https:\/\/lightbox.sk\/blog"},"modified":"2026-01-07T14:08:23","modified_gmt":"2026-01-07T13:08:23","slug":"blog","status":"publish","type":"page","link":"https:\/\/lightbox.sk\/en\/blog","title":{"rendered":"Blog"},"content":{"rendered":"\t\t<div data-elementor-type=\"wp-page\" data-elementor-id=\"8374\" class=\"elementor elementor-8374 elementor-16\" data-elementor-post-type=\"page\">\n\t\t\t\t\t\t<section class=\"elementor-section elementor-top-section elementor-element elementor-element-94e2304 elementor-section-boxed elementor-section-height-default elementor-section-height-default\" data-id=\"94e2304\" data-element_type=\"section\" data-e-type=\"section\">\n\t\t\t\t\t\t<div class=\"elementor-container elementor-column-gap-default\">\n\t\t\t\t\t<div class=\"elementor-column elementor-col-100 elementor-top-column elementor-element elementor-element-19354b3\" data-id=\"19354b3\" data-element_type=\"column\" data-e-type=\"column\">\n\t\t\t<div class=\"elementor-widget-wrap elementor-element-populated\">\n\t\t\t\t\t\t<div class=\"elementor-element elementor-element-c68f20a elementor-widget elementor-widget-text-editor\" data-id=\"c68f20a\" data-element_type=\"widget\" data-e-type=\"widget\" data-widget_type=\"text-editor.default\">\n\t\t\t\t<div class=\"elementor-widget-container\">\n\t\t\t\t\t\t\t\t\t<p class=\"p1\">Light advertising plays an important role in modern marketing and helps brands stand out in a competitive environment. On our blog, we cover everything you need to know about this fascinating advertising medium &#8211; from choosing the right type of illuminated sign, to its benefits, to the manufacturing process.<\/p><p class=\"p1\">Discover how illuminated advertising can change the way you communicate with your customers and how you can use it to strengthen your corporate identity!<\/p>\t\t\t\t\t\t\t\t<\/div>\n\t\t\t\t<\/div>\n\t\t\t\t\t<\/div>\n\t\t<\/div>\n\t\t\t\t\t<\/div>\n\t\t<\/section>\n\t\t\t\t<section class=\"elementor-section elementor-top-section elementor-element elementor-element-17383de elementor-section-boxed elementor-section-height-default elementor-section-height-default\" data-id=\"17383de\" data-element_type=\"section\" data-e-type=\"section\">\n\t\t\t\t\t\t<div class=\"elementor-container elementor-column-gap-default\">\n\t\t\t\t\t<div class=\"elementor-column elementor-col-100 elementor-top-column elementor-element elementor-element-f69e833\" data-id=\"f69e833\" data-element_type=\"column\" data-e-type=\"column\">\n\t\t\t<div class=\"elementor-widget-wrap elementor-element-populated\">\n\t\t\t\t\t\t<div class=\"elementor-element elementor-element-df2ec67 elementor-grid-1 elementor-posts--align-left elementor-grid-tablet-2 elementor-grid-mobile-1 elementor-posts--thumbnail-top elementor-widget elementor-widget-posts\" data-id=\"df2ec67\" data-element_type=\"widget\" data-e-type=\"widget\" data-settings=\"{&quot;classic_columns&quot;:&quot;1&quot;,&quot;classic_row_gap&quot;:{&quot;unit&quot;:&quot;px&quot;,&quot;size&quot;:30,&quot;sizes&quot;:[]},&quot;pagination_type&quot;:&quot;numbers&quot;,&quot;classic_columns_tablet&quot;:&quot;2&quot;,&quot;classic_columns_mobile&quot;:&quot;1&quot;,&quot;classic_row_gap_tablet&quot;:{&quot;unit&quot;:&quot;px&quot;,&quot;size&quot;:&quot;&quot;,&quot;sizes&quot;:[]},&quot;classic_row_gap_mobile&quot;:{&quot;unit&quot;:&quot;px&quot;,&quot;size&quot;:&quot;&quot;,&quot;sizes&quot;:[]}}\" data-widget_type=\"posts.classic\">\n\t\t\t\t<div class=\"elementor-widget-container\">\n\t\t\t\t\t\t\t<div class=\"elementor-posts-container elementor-posts elementor-posts--skin-classic elementor-grid\" role=\"list\">\n\t\t\t\t<article class=\"elementor-post elementor-grid-item post-8372 post type-post status-publish format-standard hentry category-uncategorized\" role=\"listitem\">\n\t\t\t\t<div class=\"elementor-post__text\">\n\t\t\t\t<h3 class=\"elementor-post__title\">\n\t\t\t<a href=\"https:\/\/lightbox.sk\/en\" >\n\t\t\t\tBest colours for illuminated advertising: what contrast works best for visibility even at night?\t\t\t<\/a>\n\t\t<\/h3>\n\t\t\t\t<div class=\"elementor-post__excerpt\">\n\t\t\t<p>Why is colour choice important?Colours play a key role in how customers perceive your brand. The right colours and contrast can increase an ad&#8217;s visibility<\/p>\n\t\t<\/div>\n\t\t\t\t<\/div>\n\t\t\t\t<\/article>\n\t\t\t\t<article class=\"elementor-post elementor-grid-item post-8495 post type-post status-publish format-standard hentry category-uncategorized\" role=\"listitem\">\n\t\t\t\t<div class=\"elementor-post__text\">\n\t\t\t\t<h3 class=\"elementor-post__title\">\n\t\t\t<a href=\"https:\/\/lightbox.sk\/en\/a-guide-to-choosing-a-light-advertising-for-your-company\" >\n\t\t\t\tA guide to choosing a light advertising for your company\t\t\t<\/a>\n\t\t<\/h3>\n\t\t\t\t<div class=\"elementor-post__excerpt\">\n\t\t\t<p>With a wide range of options available, choosing the right type of illuminated signage requires careful consideration of several key factors tailored to your business<\/p>\n\t\t<\/div>\n\t\t\t\t<\/div>\n\t\t\t\t<\/article>\n\t\t\t\t<article class=\"elementor-post elementor-grid-item post-8497 post type-post status-publish format-standard hentry category-uncategorized\" role=\"listitem\">\n\t\t\t\t<div class=\"elementor-post__text\">\n\t\t\t\t<h3 class=\"elementor-post__title\">\n\t\t\t<a href=\"https:\/\/lightbox.sk\/en\/what-are-the-main-advantages-of-illuminated-advertising\" >\n\t\t\t\tWhat are the main advantages of illuminated advertising?\t\t\t<\/a>\n\t\t<\/h3>\n\t\t\t\t<div class=\"elementor-post__excerpt\">\n\t\t\t<p>Illuminated advertising offers brands, companies and organisations a variety of benefits. In this article, we&#8217;ll look at the essential ones that can help you become<\/p>\n\t\t<\/div>\n\t\t\t\t<\/div>\n\t\t\t\t<\/article>\n\t\t\t\t<article class=\"elementor-post elementor-grid-item post-8501 post type-post status-publish format-standard hentry category-uncategorized\" role=\"listitem\">\n\t\t\t\t<div class=\"elementor-post__text\">\n\t\t\t\t<h3 class=\"elementor-post__title\">\n\t\t\t<a href=\"https:\/\/lightbox.sk\/en\/what-is-light-advertising\" >\n\t\t\t\tWhat is light advertising\t\t\t<\/a>\n\t\t<\/h3>\n\t\t\t\t<div class=\"elementor-post__excerpt\">\n\t\t\t<p>Light advertising Illuminated advertising belongs to the category of signmaking, i.e. advertising means that we encounter at every step. From a marketing point of view,<\/p>\n\t\t<\/div>\n\t\t\t\t<\/div>\n\t\t\t\t<\/article>\n\t\t\t\t<article class=\"elementor-post elementor-grid-item post-8502 post type-post status-publish format-standard hentry category-uncategorized\" role=\"listitem\">\n\t\t\t\t<div class=\"elementor-post__text\">\n\t\t\t\t<h3 class=\"elementor-post__title\">\n\t\t\t<a href=\"https:\/\/lightbox.sk\/en\/how-to-choose-a-light-advertising\" >\n\t\t\t\tHow to choose a light advertising\t\t\t<\/a>\n\t\t<\/h3>\n\t\t\t\t<div class=\"elementor-post__excerpt\">\n\t\t\t<p>Choosing a lighted advertisement is not easy for every customer, especially if it is the first time they have encountered this type of advertisement. That&#8217;s<\/p>\n\t\t<\/div>\n\t\t\t\t<\/div>\n\t\t\t\t<\/article>\n\t\t\t\t<article class=\"elementor-post elementor-grid-item post-8491 post type-post status-publish format-standard hentry category-uncategorized\" role=\"listitem\">\n\t\t\t\t<div class=\"elementor-post__text\">\n\t\t\t\t<h3 class=\"elementor-post__title\">\n\t\t\t<a href=\"https:\/\/lightbox.sk\/en\/production-of-illuminated-advertising\" >\n\t\t\t\tProduction of illuminated advertising\t\t\t<\/a>\n\t\t<\/h3>\n\t\t\t\t<div class=\"elementor-post__excerpt\">\n\t\t\t<p>The production of illuminated advertising is something in which we are leaders in Slovakia and we have been involved in it since 2003. Thanks to<\/p>\n\t\t<\/div>\n\t\t\t\t<\/div>\n\t\t\t\t<\/article>\n\t\t\t\t<\/div>\n\t\t\n\t\t\t\t<div class=\"e-load-more-anchor\" data-page=\"1\" data-max-page=\"2\" data-next-page=\"https:\/\/lightbox.sk\/en\/wp-json\/wp\/v2\/pages\/8374\/page\/2\"><\/div>\n\t\t\t\t<nav class=\"elementor-pagination\" aria-label=\"Pagination\">\n\t\t\t<span aria-current=\"page\" class=\"page-numbers current\"><span class=\"elementor-screen-only\">Page<\/span>1<\/span>\n<a class=\"page-numbers\" href=\"https:\/\/lightbox.sk\/en\/wp-json\/wp\/v2\/pages\/8374\/page\/2\"><span class=\"elementor-screen-only\">Page<\/span>2<\/a>\t\t<\/nav>\n\t\t\t\t\t\t<\/div>\n\t\t\t\t<\/div>\n\t\t\t\t\t<\/div>\n\t\t<\/div>\n\t\t\t\t\t<\/div>\n\t\t<\/section>\n\t\t\t\t<\/div>\n\t\t","protected":false},"excerpt":{"rendered":"<p>Light advertising plays an important role in modern marketing and helps brands stand out in a competitive environment. On our blog, we cover everything you need to know about this fascinating advertising medium &#8211; from choosing the right type of illuminated sign, to its benefits, to the manufacturing process. Discover how illuminated advertising can change [&hellip;]<\/p>\n","protected":false},"author":1,"featured_media":6512,"parent":0,"menu_order":0,"comment_status":"closed","ping_status":"closed","template":"elementor_theme","meta":{"_acf_changed":false,"_yoast_wpseo_focuskw":"","_yoast_wpseo_title":"","_yoast_wpseo_metadesc":"Our articles give you practical advice and inspiration so you can make the most of illuminated advertising and highlight your brand effectively.","_yoast_wpseo_linkdex":"","_yoast_wpseo_content_score":"","__elementor_forms_snapshot":"","_cli_cookie_duration":"","_cli_cookie_sensitivity":"","_cli_cookie_slugid":"","_cli_cookie_type":"","_cmplz_scanned_post":"1","_dp_original":"","_elementor_css":null,"_elementor_global_widget_included_posts":[],"_elementor_is_screenshot":"","_elementor_page_assets":null,"_elementor_pro_version":"","_elementor_screenshot":[],"_elementor_screenshot_failed":"","_elementor_template_sub_type":"","_elementor_template_widget_type":"","_elementor_version":"3.34.0","_galeria":"field_61adbdbeb51a4","_imagify_data":[],"_imagify_optimization_level":"","_imagify_status":"","_menu_item_classes":[],"_menu_item_menu_item_parent":"","_menu_item_object":"","_menu_item_object_id":"","_menu_item_target":"","_menu_item_type":"","_menu_item_url":"","_menu_item_xfn":"","_oembed_6df8a556ff85c20a6b7af8779e662166":"","_oembed_8a4838a72cd8a6cfd27bacc811e2af3b":"","_oembed_time_6df8a556ff85c20a6b7af8779e662166":"","_oembed_time_8a4838a72cd8a6cfd27bacc811e2af3b":"","_specifikacia":"","_wp_old_date":"","_wp_page_template":"elementor_theme","_wpcode_auto_insert":"","_wpcode_auto_insert_number":"","_wpcode_conditional_logic":[],"_wpcode_conditional_logic_enabled":"","_wpcode_library_id":"","_wpcode_library_version":"","_wpcode_location_extra":"","_wpcode_note":"","_wpcode_priority":"","_wpcode_shortcode_attributes":[],"_yoast_wpseo_estimated-reading-time-minutes":"","_yoast_wpseo_primary_category":null,"_yoast_wpseo_primary_page-category":"","_yoast_wpseo_wordproof_timestamp":"","cmplz_hide_cookiebanner":"","dt_external_connection_allowed_roles":[],"dt_external_connection_auth":[],"dt_external_connection_check_time":"","dt_external_connection_type":"","dt_external_connection_url":"","dt_external_connections":[],"galeria":[],"px_file":"","px_page_description":"Zauj\u00edmav\u00e9 \u010dl\u00e1nky zo sveta reklamy","specifikacia":"","sps_website":[],"tiny_compress_images":[],"footnotes":""},"page-category":[],"class_list":["post-8374","page","type-page","status-publish","has-post-thumbnail","hentry"],"acf":[],"yoast_head":"<!-- This site is optimized with the Yoast SEO plugin v27.4 - https:\/\/yoast.com\/product\/yoast-seo-wordpress\/ -->\n<title>Blog | Lightbox - Sveteln\u00e9 reklamy<\/title>\n<meta name=\"description\" content=\"Our articles give you practical advice and inspiration so you can make the most of illuminated advertising and highlight your brand effectively.\" \/>\n<meta name=\"robots\" content=\"index, follow, max-snippet:-1, max-image-preview:large, max-video-preview:-1\" \/>\n<link rel=\"canonical\" href=\"https:\/\/lightbox.sk\/en\/blog\" \/>\n<meta property=\"og:locale\" content=\"en_US\" \/>\n<meta property=\"og:type\" content=\"article\" \/>\n<meta property=\"og:title\" content=\"Blog | Lightbox - Sveteln\u00e9 reklamy\" \/>\n<meta property=\"og:description\" content=\"Our articles give you practical advice and inspiration so you can make the most of illuminated advertising and highlight your brand effectively.\" \/>\n<meta property=\"og:url\" content=\"https:\/\/lightbox.sk\/en\/blog\" \/>\n<meta property=\"og:site_name\" content=\"Lightbox - Sveteln\u00e9 reklamy\" \/>\n<meta property=\"article:publisher\" content=\"https:\/\/www.facebook.com\/lightboxsk\" \/>\n<meta property=\"article:modified_time\" content=\"2026-01-07T13:08:23+00:00\" \/>\n<meta property=\"og:image\" content=\"https:\/\/lightbox.sk\/wp-content\/uploads\/2021\/10\/light-darkness_181624-10465.jpg\" \/>\n\t<meta property=\"og:image:width\" content=\"626\" \/>\n\t<meta property=\"og:image:height\" content=\"352\" \/>\n\t<meta property=\"og:image:type\" content=\"image\/jpeg\" \/>\n<meta name=\"twitter:card\" content=\"summary_large_image\" \/>\n<script type=\"application\/ld+json\" class=\"yoast-schema-graph\">{\"@context\":\"https:\\\/\\\/schema.org\",\"@graph\":[{\"@type\":\"WebPage\",\"@id\":\"https:\\\/\\\/lightbox.sk\\\/en\\\/blog\",\"url\":\"https:\\\/\\\/lightbox.sk\\\/en\\\/blog\",\"name\":\"Blog | Lightbox - Sveteln\u00e9 reklamy\",\"isPartOf\":{\"@id\":\"https:\\\/\\\/lightbox.sk\\\/en#website\"},\"primaryImageOfPage\":{\"@id\":\"https:\\\/\\\/lightbox.sk\\\/en\\\/blog#primaryimage\"},\"image\":{\"@id\":\"https:\\\/\\\/lightbox.sk\\\/en\\\/blog#primaryimage\"},\"thumbnailUrl\":\"https:\\\/\\\/lightbox.sk\\\/wp-content\\\/uploads\\\/2021\\\/10\\\/light-darkness_181624-10465.jpg\",\"datePublished\":\"2021-06-27T07:28:22+00:00\",\"dateModified\":\"2026-01-07T13:08:23+00:00\",\"description\":\"Our articles give you practical advice and inspiration so you can make the most of illuminated advertising and highlight your brand effectively.\",\"breadcrumb\":{\"@id\":\"https:\\\/\\\/lightbox.sk\\\/en\\\/blog#breadcrumb\"},\"inLanguage\":\"en-US\",\"potentialAction\":[{\"@type\":\"ReadAction\",\"target\":[\"https:\\\/\\\/lightbox.sk\\\/en\\\/blog\"]}]},{\"@type\":\"ImageObject\",\"inLanguage\":\"en-US\",\"@id\":\"https:\\\/\\\/lightbox.sk\\\/en\\\/blog#primaryimage\",\"url\":\"https:\\\/\\\/lightbox.sk\\\/wp-content\\\/uploads\\\/2021\\\/10\\\/light-darkness_181624-10465.jpg\",\"contentUrl\":\"https:\\\/\\\/lightbox.sk\\\/wp-content\\\/uploads\\\/2021\\\/10\\\/light-darkness_181624-10465.jpg\",\"width\":626,\"height\":352},{\"@type\":\"BreadcrumbList\",\"@id\":\"https:\\\/\\\/lightbox.sk\\\/en\\\/blog#breadcrumb\",\"itemListElement\":[{\"@type\":\"ListItem\",\"position\":1,\"name\":\"Domovsk\u00e1 str\u00e1nka\",\"item\":\"https:\\\/\\\/lightbox.sk\\\/en\"},{\"@type\":\"ListItem\",\"position\":2,\"name\":\"Blog\"}]},{\"@type\":\"WebSite\",\"@id\":\"https:\\\/\\\/lightbox.sk\\\/en#website\",\"url\":\"https:\\\/\\\/lightbox.sk\\\/en\",\"name\":\"Lightbox - Sveteln\u00e9 reklamy\",\"description\":\"Sveteln\u00e9 reklamy\",\"publisher\":{\"@id\":\"https:\\\/\\\/lightbox.sk\\\/en#organization\"},\"potentialAction\":[{\"@type\":\"SearchAction\",\"target\":{\"@type\":\"EntryPoint\",\"urlTemplate\":\"https:\\\/\\\/lightbox.sk\\\/en?s={search_term_string}\"},\"query-input\":{\"@type\":\"PropertyValueSpecification\",\"valueRequired\":true,\"valueName\":\"search_term_string\"}}],\"inLanguage\":\"en-US\"},{\"@type\":\"Organization\",\"@id\":\"https:\\\/\\\/lightbox.sk\\\/en#organization\",\"name\":\"LIGHT Box, s.r.o.\",\"url\":\"https:\\\/\\\/lightbox.sk\\\/en\",\"logo\":{\"@type\":\"ImageObject\",\"inLanguage\":\"en-US\",\"@id\":\"https:\\\/\\\/lightbox.sk\\\/en#\\\/schema\\\/logo\\\/image\\\/\",\"url\":\"https:\\\/\\\/lightbox.sk\\\/wp-content\\\/uploads\\\/2021\\\/10\\\/logo-lightbox-new.png\",\"contentUrl\":\"https:\\\/\\\/lightbox.sk\\\/wp-content\\\/uploads\\\/2021\\\/10\\\/logo-lightbox-new.png\",\"width\":450,\"height\":455,\"caption\":\"LIGHT Box, s.r.o.\"},\"image\":{\"@id\":\"https:\\\/\\\/lightbox.sk\\\/en#\\\/schema\\\/logo\\\/image\\\/\"},\"sameAs\":[\"https:\\\/\\\/www.facebook.com\\\/lightboxsk\"]}]}<\/script>\n<!-- \/ Yoast SEO plugin. -->","yoast_head_json":{"title":"Blog | Lightbox - Sveteln\u00e9 reklamy","description":"Our articles give you practical advice and inspiration so you can make the most of illuminated advertising and highlight your brand effectively.","robots":{"index":"index","follow":"follow","max-snippet":"max-snippet:-1","max-image-preview":"max-image-preview:large","max-video-preview":"max-video-preview:-1"},"canonical":"https:\/\/lightbox.sk\/en\/blog","og_locale":"en_US","og_type":"article","og_title":"Blog | Lightbox - Sveteln\u00e9 reklamy","og_description":"Our articles give you practical advice and inspiration so you can make the most of illuminated advertising and highlight your brand effectively.","og_url":"https:\/\/lightbox.sk\/en\/blog","og_site_name":"Lightbox - Sveteln\u00e9 reklamy","article_publisher":"https:\/\/www.facebook.com\/lightboxsk","article_modified_time":"2026-01-07T13:08:23+00:00","og_image":[{"width":626,"height":352,"url":"https:\/\/lightbox.sk\/wp-content\/uploads\/2021\/10\/light-darkness_181624-10465.jpg","type":"image\/jpeg"}],"twitter_card":"summary_large_image","schema":{"@context":"https:\/\/schema.org","@graph":[{"@type":"WebPage","@id":"https:\/\/lightbox.sk\/en\/blog","url":"https:\/\/lightbox.sk\/en\/blog","name":"Blog | Lightbox - Sveteln\u00e9 reklamy","isPartOf":{"@id":"https:\/\/lightbox.sk\/en#website"},"primaryImageOfPage":{"@id":"https:\/\/lightbox.sk\/en\/blog#primaryimage"},"image":{"@id":"https:\/\/lightbox.sk\/en\/blog#primaryimage"},"thumbnailUrl":"https:\/\/lightbox.sk\/wp-content\/uploads\/2021\/10\/light-darkness_181624-10465.jpg","datePublished":"2021-06-27T07:28:22+00:00","dateModified":"2026-01-07T13:08:23+00:00","description":"Our articles give you practical advice and inspiration so you can make the most of illuminated advertising and highlight your brand effectively.","breadcrumb":{"@id":"https:\/\/lightbox.sk\/en\/blog#breadcrumb"},"inLanguage":"en-US","potentialAction":[{"@type":"ReadAction","target":["https:\/\/lightbox.sk\/en\/blog"]}]},{"@type":"ImageObject","inLanguage":"en-US","@id":"https:\/\/lightbox.sk\/en\/blog#primaryimage","url":"https:\/\/lightbox.sk\/wp-content\/uploads\/2021\/10\/light-darkness_181624-10465.jpg","contentUrl":"https:\/\/lightbox.sk\/wp-content\/uploads\/2021\/10\/light-darkness_181624-10465.jpg","width":626,"height":352},{"@type":"BreadcrumbList","@id":"https:\/\/lightbox.sk\/en\/blog#breadcrumb","itemListElement":[{"@type":"ListItem","position":1,"name":"Domovsk\u00e1 str\u00e1nka","item":"https:\/\/lightbox.sk\/en"},{"@type":"ListItem","position":2,"name":"Blog"}]},{"@type":"WebSite","@id":"https:\/\/lightbox.sk\/en#website","url":"https:\/\/lightbox.sk\/en","name":"Lightbox - Sveteln\u00e9 reklamy","description":"Sveteln\u00e9 reklamy","publisher":{"@id":"https:\/\/lightbox.sk\/en#organization"},"potentialAction":[{"@type":"SearchAction","target":{"@type":"EntryPoint","urlTemplate":"https:\/\/lightbox.sk\/en?s={search_term_string}"},"query-input":{"@type":"PropertyValueSpecification","valueRequired":true,"valueName":"search_term_string"}}],"inLanguage":"en-US"},{"@type":"Organization","@id":"https:\/\/lightbox.sk\/en#organization","name":"LIGHT Box, s.r.o.","url":"https:\/\/lightbox.sk\/en","logo":{"@type":"ImageObject","inLanguage":"en-US","@id":"https:\/\/lightbox.sk\/en#\/schema\/logo\/image\/","url":"https:\/\/lightbox.sk\/wp-content\/uploads\/2021\/10\/logo-lightbox-new.png","contentUrl":"https:\/\/lightbox.sk\/wp-content\/uploads\/2021\/10\/logo-lightbox-new.png","width":450,"height":455,"caption":"LIGHT Box, s.r.o."},"image":{"@id":"https:\/\/lightbox.sk\/en#\/schema\/logo\/image\/"},"sameAs":["https:\/\/www.facebook.com\/lightboxsk"]}]}},"_links":{"self":[{"href":"https:\/\/lightbox.sk\/en\/wp-json\/wp\/v2\/pages\/8374","targetHints":{"allow":["GET"]}}],"collection":[{"href":"https:\/\/lightbox.sk\/en\/wp-json\/wp\/v2\/pages"}],"about":[{"href":"https:\/\/lightbox.sk\/en\/wp-json\/wp\/v2\/types\/page"}],"author":[{"embeddable":true,"href":"https:\/\/lightbox.sk\/en\/wp-json\/wp\/v2\/users\/1"}],"replies":[{"embeddable":true,"href":"https:\/\/lightbox.sk\/en\/wp-json\/wp\/v2\/comments?post=8374"}],"version-history":[{"count":0,"href":"https:\/\/lightbox.sk\/en\/wp-json\/wp\/v2\/pages\/8374\/revisions"}],"wp:featuredmedia":[{"embeddable":true,"href":"https:\/\/lightbox.sk\/en\/wp-json\/wp\/v2\/media\/6512"}],"wp:attachment":[{"href":"https:\/\/lightbox.sk\/en\/wp-json\/wp\/v2\/media?parent=8374"}],"wp:term":[{"taxonomy":"page-category","embeddable":true,"href":"https:\/\/lightbox.sk\/en\/wp-json\/wp\/v2\/page-category?post=8374"}],"curies":[{"name":"wp","href":"https:\/\/api.w.org\/{rel}","templated":true}]}}